{"id":3687,"date":"2022-10-16T13:44:01","date_gmt":"2022-10-16T15:44:01","guid":{"rendered":"https:\/\/plataformademocratica.org\/?page_id=11"},"modified":"2023-02-12T18:10:37","modified_gmt":"2023-02-12T20:10:37","slug":"quienes-somos","status":"publish","type":"page","link":"https:\/\/plataformademocratica.org\/es\/quienes-somos\/","title":{"rendered":"Quienes somos"},"content":{"rendered":"<article class=\"quemsomos\">Plataforma Democr\u00e1tica es una iniciativa de la Fundaci\u00f3n FHC y del Centro Edelstein de Investigaciones Sociales, creada en 2007, dedicada a fortalecer la cultura y las instituciones democr\u00e1ticas en el Brasil y en Am\u00e9rica Latina.<\/p>\n<p>Desarrollamos nuestras actividades a trav\u00e9s de investigaciones, publicaciones y seminarios sobre las transformaciones de la sociedad y de la pol\u00edtica en la regi\u00f3n y en el sistema internacional, con foco en los desaf\u00edos a la convivencia y a la gobernanza democr\u00e1tica. Buscamos fomentar el di\u00e1logo entre los productores de conocimiento y los diferentes actores sociales y pol\u00edticos, sin distinciones partidarias. Todas las publicaciones se encuentran disponibles para el acceso gratuito.<\/p>\n<p>Plataforma Democr\u00e1tica desarrolla tambi\u00e9n proyectos aplicados que promueven el aprendizaje del ejercicio democr\u00e1tico de la ciudadan\u00eda, en particular en el espacio p\u00fablico virtual, fomentando una cultura c\u00edvica que valora la argumentaci\u00f3n y el pluralismo de puntos de vista.<\/p>\n<p>Realizamos actividades en asociaci\u00f3n con instituciones, activistas e investigadores que comparten los mismos valores, en la regi\u00f3n y en el mundo.<br \/>\n<\/article>\n","protected":false},"excerpt":{"rendered":"<p>Plataforma Democr\u00e1tica es una iniciativa de la Fundaci\u00f3n FHC y del Centro Edelstein de Investigaciones Sociales, creada en 2007, dedicada a fortalecer la cultura y las instituciones democr\u00e1ticas en el Brasil y en Am\u00e9rica Latina. Desarrollamos nuestras actividades a trav\u00e9s &hellip;<\/p>\n","protected":false},"author":1,"featured_media":0,"parent":0,"menu_order":0,"comment_status":"closed","ping_status":"closed","template":"","meta":{"footnotes":""},"class_list":["post-3687","page","type-page","status-publish","hentry"],"acf":[],"wps_subtitle":"","_links":{"self":[{"href":"https:\/\/plataformademocratica.org\/es\/wp-json\/wp\/v2\/pages\/3687","targetHints":{"allow":["GET"]}}],"collection":[{"href":"https:\/\/plataformademocratica.org\/es\/wp-json\/wp\/v2\/pages"}],"about":[{"href":"https:\/\/plataformademocratica.org\/es\/wp-json\/wp\/v2\/types\/page"}],"author":[{"embeddable":true,"href":"https:\/\/plataformademocratica.org\/es\/wp-json\/wp\/v2\/users\/1"}],"replies":[{"embeddable":true,"href":"https:\/\/plataformademocratica.org\/es\/wp-json\/wp\/v2\/comments?post=3687"}],"version-history":[{"count":2,"href":"https:\/\/plataformademocratica.org\/es\/wp-json\/wp\/v2\/pages\/3687\/revisions"}],"predecessor-version":[{"id":3716,"href":"https:\/\/plataformademocratica.org\/es\/wp-json\/wp\/v2\/pages\/3687\/revisions\/3716"}],"wp:attachment":[{"href":"https:\/\/plataformademocratica.org\/es\/wp-json\/wp\/v2\/media?parent=3687"}],"curies":[{"name":"wp","href":"https:\/\/api.w.org\/{rel}","templated":true}]}}